{"id":16,"date":"2025-04-08T16:48:23","date_gmt":"2025-04-08T16:48:23","guid":{"rendered":"https:\/\/oficiosartesanosprovinciadecaceres.com\/2025\/?page_id=16"},"modified":"2025-04-22T12:42:24","modified_gmt":"2025-04-22T10:42:24","slug":"el-festival","status":"publish","type":"page","link":"https:\/\/www.oficiosartesanosprovinciadecaceres.com\/2025\/el-festival\/","title":{"rendered":"El Festival"},"content":{"rendered":"\t\t<div data-elementor-type=\"wp-page\" data-elementor-id=\"16\" class=\"elementor elementor-16\" data-elementor-post-type=\"page\">\n\t\t\t\t<div class=\"elementor-element elementor-element-d3aaf1c e-flex e-con-boxed e-con e-parent\" data-id=\"d3aaf1c\" data-element_type=\"container\" data-e-type=\"container\">\n\t\t\t\t\t<div class=\"e-con-inner\">\n\t\t<div class=\"elementor-element elementor-element-1c36e87 e-con-full e-flex e-con e-child\" data-id=\"1c36e87\" data-element_type=\"container\" data-e-type=\"container\">\n\t\t\t\t<div class=\"elementor-element elementor-element-5f43e78 elementor-widget elementor-widget-image\" data-id=\"5f43e78\" data-element_type=\"widget\" data-e-type=\"widget\" data-widget_type=\"image.default\">\n\t\t\t\t<div class=\"elementor-widget-container\">\n\t\t\t\t\t\t\t\t\t\t\t\t\t\t\t<img fetchpriority=\"high\" decoding=\"async\" width=\"1050\" height=\"700\" src=\"https:\/\/www.oficiosartesanosprovinciadecaceres.com\/2025\/wp-content\/uploads\/2025\/04\/Historia-Festival-artesano.jpg\" class=\"attachment-full size-full wp-image-605\" alt=\"\" srcset=\"https:\/\/oficiosartesanosprovinciadecaceres.com\/2025\/wp-content\/uploads\/2025\/04\/Historia-Festival-artesano.jpg 1050w, https:\/\/oficiosartesanosprovinciadecaceres.com\/2025\/wp-content\/uploads\/2025\/04\/Historia-Festival-artesano-300x200.jpg 300w, https:\/\/oficiosartesanosprovinciadecaceres.com\/2025\/wp-content\/uploads\/2025\/04\/Historia-Festival-artesano-1024x683.jpg 1024w, https:\/\/oficiosartesanosprovinciadecaceres.com\/2025\/wp-content\/uploads\/2025\/04\/Historia-Festival-artesano-768x512.jpg 768w\" sizes=\"(max-width: 1050px) 100vw, 1050px\" \/>\t\t\t\t\t\t\t\t\t\t\t\t\t\t\t<\/div>\n\t\t\t\t<\/div>\n\t\t\t\t<\/div>\n\t\t<div class=\"elementor-element elementor-element-29e4e9c e-con-full e-flex e-con e-child\" data-id=\"29e4e9c\" data-element_type=\"container\" data-e-type=\"container\">\n\t\t\t\t<div class=\"elementor-element elementor-element-8af663c elementor-widget__width-initial elementor-widget elementor-widget-heading\" data-id=\"8af663c\" data-element_type=\"widget\" data-e-type=\"widget\" data-widget_type=\"heading.default\">\n\t\t\t\t<div class=\"elementor-widget-container\">\n\t\t\t\t\t<h1 class=\"elementor-heading-title elementor-size-default\">Historia del Festival<\/h1>\t\t\t\t<\/div>\n\t\t\t\t<\/div>\n\t\t\t\t<div class=\"elementor-element elementor-element-23cefa9 elementor-widget elementor-widget-text-editor\" data-id=\"23cefa9\" data-element_type=\"widget\" data-e-type=\"widget\" data-widget_type=\"text-editor.default\">\n\t\t\t\t<div class=\"elementor-widget-container\">\n\t\t\t\t\t\t\t\t\tEl Festival de los Oficios Artesanos de la Provincia de C\u00e1ceres naci\u00f3 con la voluntad de recuperar, preservar y promocionar los oficios tradicionales que forman parte del patrimonio cultural inmaterial de Extremadura. Desde su primera edici\u00f3n, el festival ha recorrido distintos municipios de la provincia, convirti\u00e9ndose en un espacio de encuentro entre artesanos, ciudadan\u00eda y visitantes, en el que se pone de relieve la riqueza, diversidad y vigencia de la artesan\u00eda cacere\u00f1a.\n\nCon cada edici\u00f3n, el festival ha ido creciendo tanto en n\u00famero de participantes como en actividades, consolid\u00e1ndose como un referente en la promoci\u00f3n de la artesan\u00eda como elemento de desarrollo cultural, social y econ\u00f3mico. En 2025 se celebra la cuarta edici\u00f3n, manteniendo el compromiso de llevar la artesan\u00eda a todos los rincones de la provincia.\t\t\t\t\t\t\t\t<\/div>\n\t\t\t\t<\/div>\n\t\t\t\t<\/div>\n\t\t\t\t\t<\/div>\n\t\t\t\t<\/div>\n\t\t<div class=\"elementor-element elementor-element-4fcb31f e-flex e-con-boxed e-con e-parent\" data-id=\"4fcb31f\" data-element_type=\"container\" data-e-type=\"container\" data-settings=\"{&quot;background_background&quot;:&quot;classic&quot;}\">\n\t\t\t\t\t<div class=\"e-con-inner\">\n\t\t\t\t<div class=\"elementor-element elementor-element-3aab90a elementor-absolute elementor-widget-mobile__width-initial elementor-widget elementor-widget-image\" data-id=\"3aab90a\" data-element_type=\"widget\" data-e-type=\"widget\" data-settings=\"{&quot;_position&quot;:&quot;absolute&quot;,&quot;motion_fx_motion_fx_scrolling&quot;:&quot;yes&quot;,&quot;motion_fx_rotateZ_effect&quot;:&quot;yes&quot;,&quot;motion_fx_rotateZ_speed&quot;:{&quot;unit&quot;:&quot;px&quot;,&quot;size&quot;:3,&quot;sizes&quot;:[]},&quot;motion_fx_rotateZ_affectedRange&quot;:{&quot;unit&quot;:&quot;%&quot;,&quot;size&quot;:&quot;&quot;,&quot;sizes&quot;:{&quot;start&quot;:0,&quot;end&quot;:100}},&quot;motion_fx_devices&quot;:[&quot;desktop&quot;,&quot;tablet&quot;,&quot;mobile&quot;]}\" data-widget_type=\"image.default\">\n\t\t\t\t<div class=\"elementor-widget-container\">\n\t\t\t\t\t\t\t\t\t\t\t\t\t\t\t<img decoding=\"async\" width=\"300\" height=\"300\" src=\"https:\/\/www.oficiosartesanosprovinciadecaceres.com\/2025\/wp-content\/uploads\/2025\/04\/elementos-decorativo-1.png\" class=\"attachment-full size-full wp-image-105\" alt=\"\" srcset=\"https:\/\/oficiosartesanosprovinciadecaceres.com\/2025\/wp-content\/uploads\/2025\/04\/elementos-decorativo-1.png 300w, https:\/\/oficiosartesanosprovinciadecaceres.com\/2025\/wp-content\/uploads\/2025\/04\/elementos-decorativo-1-150x150.png 150w\" sizes=\"(max-width: 300px) 100vw, 300px\" \/>\t\t\t\t\t\t\t\t\t\t\t\t\t\t\t<\/div>\n\t\t\t\t<\/div>\n\t\t\t\t<div class=\"elementor-element elementor-element-7872261 elementor-widget__width-initial elementor-widget elementor-widget-heading\" data-id=\"7872261\" data-element_type=\"widget\" data-e-type=\"widget\" data-widget_type=\"heading.default\">\n\t\t\t\t<div class=\"elementor-widget-container\">\n\t\t\t\t\t<h4 class=\"elementor-heading-title elementor-size-default\">Objetivos y valores<\/h4>\t\t\t\t<\/div>\n\t\t\t\t<\/div>\n\t\t\t\t<div class=\"elementor-element elementor-element-bcb2fbf elementor-widget__width-initial elementor-widget elementor-widget-text-editor\" data-id=\"bcb2fbf\" data-element_type=\"widget\" data-e-type=\"widget\" data-widget_type=\"text-editor.default\">\n\t\t\t\t<div class=\"elementor-widget-container\">\n\t\t\t\t\t\t\t\t\tEl festival tiene como principales objetivos:\t\t\t\t\t\t\t\t<\/div>\n\t\t\t\t<\/div>\n\t\t<div class=\"elementor-element elementor-element-2d322ef e-con-full e-flex e-con e-child\" data-id=\"2d322ef\" data-element_type=\"container\" data-e-type=\"container\">\n\t\t<div class=\"elementor-element elementor-element-0ddee93 e-grid e-con-full e-con e-child\" data-id=\"0ddee93\" data-element_type=\"container\" data-e-type=\"container\">\n\t\t<div class=\"elementor-element elementor-element-2972c37 e-con-full e-flex e-con e-child\" data-id=\"2972c37\" data-element_type=\"container\" data-e-type=\"container\">\n\t\t\t\t<div class=\"elementor-element elementor-element-9ebc65d elementor-widget elementor-widget-heading\" data-id=\"9ebc65d\" data-element_type=\"widget\" data-e-type=\"widget\" data-widget_type=\"heading.default\">\n\t\t\t\t<div class=\"elementor-widget-container\">\n\t\t\t\t\t<span class=\"elementor-heading-title elementor-size-default\">1<\/span>\t\t\t\t<\/div>\n\t\t\t\t<\/div>\n\t\t\t\t<div class=\"elementor-element elementor-element-7147c24 elementor-widget__width-initial elementor-widget elementor-widget-text-editor\" data-id=\"7147c24\" data-element_type=\"widget\" data-e-type=\"widget\" data-widget_type=\"text-editor.default\">\n\t\t\t\t<div class=\"elementor-widget-container\">\n\t\t\t\t\t\t\t\t\t<p><strong>Visibilizar el trabajo de los artesanos y artesanas<\/strong>, destacando su valor cultural y humano.<\/p>\t\t\t\t\t\t\t\t<\/div>\n\t\t\t\t<\/div>\n\t\t\t\t<\/div>\n\t\t<div class=\"elementor-element elementor-element-2219c72 e-con-full e-flex e-con e-child\" data-id=\"2219c72\" data-element_type=\"container\" data-e-type=\"container\">\n\t\t\t\t<div class=\"elementor-element elementor-element-c632ad2 elementor-widget__width-initial elementor-widget-mobile__width-inherit elementor-widget elementor-widget-heading\" data-id=\"c632ad2\" data-element_type=\"widget\" data-e-type=\"widget\" data-widget_type=\"heading.default\">\n\t\t\t\t<div class=\"elementor-widget-container\">\n\t\t\t\t\t<span class=\"elementor-heading-title elementor-size-default\">2<\/span>\t\t\t\t<\/div>\n\t\t\t\t<\/div>\n\t\t\t\t<div class=\"elementor-element elementor-element-5407856 elementor-widget__width-initial elementor-widget elementor-widget-text-editor\" data-id=\"5407856\" data-element_type=\"widget\" data-e-type=\"widget\" data-widget_type=\"text-editor.default\">\n\t\t\t\t<div class=\"elementor-widget-container\">\n\t\t\t\t\t\t\t\t\t<p><strong>Fomentar la transmisi\u00f3n de conocimientos tradicionales<\/strong>, acercando los oficios a las nuevas generaciones.<\/p>\t\t\t\t\t\t\t\t<\/div>\n\t\t\t\t<\/div>\n\t\t\t\t<\/div>\n\t\t<div class=\"elementor-element elementor-element-87ec550 e-con-full e-flex e-con e-child\" data-id=\"87ec550\" data-element_type=\"container\" data-e-type=\"container\">\n\t\t\t\t<div class=\"elementor-element elementor-element-43da577 elementor-widget__width-initial elementor-widget-mobile__width-inherit elementor-widget elementor-widget-heading\" data-id=\"43da577\" data-element_type=\"widget\" data-e-type=\"widget\" data-widget_type=\"heading.default\">\n\t\t\t\t<div class=\"elementor-widget-container\">\n\t\t\t\t\t<span class=\"elementor-heading-title elementor-size-default\">3<\/span>\t\t\t\t<\/div>\n\t\t\t\t<\/div>\n\t\t\t\t<div class=\"elementor-element elementor-element-b5ac70e elementor-widget__width-initial elementor-widget elementor-widget-text-editor\" data-id=\"b5ac70e\" data-element_type=\"widget\" data-e-type=\"widget\" data-widget_type=\"text-editor.default\">\n\t\t\t\t<div class=\"elementor-widget-container\">\n\t\t\t\t\t\t\t\t\t<p><strong>Impulsar la artesan\u00eda como motor econ\u00f3mico<\/strong>, generadora de empleo, turismo y arraigo en el medio rural.<\/p>\t\t\t\t\t\t\t\t<\/div>\n\t\t\t\t<\/div>\n\t\t\t\t<\/div>\n\t\t<div class=\"elementor-element elementor-element-23c9ec6 e-con-full e-flex e-con e-child\" data-id=\"23c9ec6\" data-element_type=\"container\" data-e-type=\"container\">\n\t\t\t\t<div class=\"elementor-element elementor-element-46393d4 elementor-widget__width-initial elementor-widget-mobile__width-inherit elementor-widget elementor-widget-heading\" data-id=\"46393d4\" data-element_type=\"widget\" data-e-type=\"widget\" data-widget_type=\"heading.default\">\n\t\t\t\t<div class=\"elementor-widget-container\">\n\t\t\t\t\t<span class=\"elementor-heading-title elementor-size-default\">4<\/span>\t\t\t\t<\/div>\n\t\t\t\t<\/div>\n\t\t\t\t<div class=\"elementor-element elementor-element-8ab511d elementor-widget__width-initial elementor-widget elementor-widget-text-editor\" data-id=\"8ab511d\" data-element_type=\"widget\" data-e-type=\"widget\" data-widget_type=\"text-editor.default\">\n\t\t\t\t<div class=\"elementor-widget-container\">\n\t\t\t\t\t\t\t\t\t<p><strong>Contribuir a la preservaci\u00f3n de la identidad local y la memoria colectiva<\/strong>, celebrando las costumbres, t\u00e9cnicas y saberes que han dado forma a nuestra historia.<\/p>\t\t\t\t\t\t\t\t<\/div>\n\t\t\t\t<\/div>\n\t\t\t\t<\/div>\n\t\t\t\t<\/div>\n\t\t\t\t<\/div>\n\t\t\t\t<div class=\"elementor-element elementor-element-9733f2a elementor-widget elementor-widget-button\" data-id=\"9733f2a\" data-element_type=\"widget\" data-e-type=\"widget\" data-widget_type=\"button.default\">\n\t\t\t\t<div class=\"elementor-widget-container\">\n\t\t\t\t\t\t\t\t\t<div class=\"elementor-button-wrapper\">\n\t\t\t\t\t<a class=\"elementor-button elementor-button-link elementor-size-sm\" href=\"https:\/\/www.oficiosartesanosprovinciadecaceres.com\/2025\/programa-festival-de-los-oficios-artesanos\/\">\n\t\t\t\t\t\t<span class=\"elementor-button-content-wrapper\">\n\t\t\t\t\t\t\t\t\t<span class=\"elementor-button-text\">Ver Programa evento<\/span>\n\t\t\t\t\t<\/span>\n\t\t\t\t\t<\/a>\n\t\t\t\t<\/div>\n\t\t\t\t\t\t\t\t<\/div>\n\t\t\t\t<\/div>\n\t\t<div class=\"elementor-element elementor-element-7eb7e72 e-con-full e-flex e-con e-child\" data-id=\"7eb7e72\" data-element_type=\"container\" data-e-type=\"container\">\n\t\t\t\t<div class=\"elementor-element elementor-element-9181c2f elementor-widget-mobile__width-initial elementor-absolute elementor-widget elementor-widget-image\" data-id=\"9181c2f\" data-element_type=\"widget\" data-e-type=\"widget\" data-settings=\"{&quot;motion_fx_motion_fx_scrolling&quot;:&quot;yes&quot;,&quot;motion_fx_rotateZ_effect&quot;:&quot;yes&quot;,&quot;_position&quot;:&quot;absolute&quot;,&quot;motion_fx_rotateZ_speed&quot;:{&quot;unit&quot;:&quot;px&quot;,&quot;size&quot;:1,&quot;sizes&quot;:[]},&quot;motion_fx_rotateZ_affectedRange&quot;:{&quot;unit&quot;:&quot;%&quot;,&quot;size&quot;:&quot;&quot;,&quot;sizes&quot;:{&quot;start&quot;:0,&quot;end&quot;:100}},&quot;motion_fx_devices&quot;:[&quot;desktop&quot;,&quot;tablet&quot;,&quot;mobile&quot;]}\" data-widget_type=\"image.default\">\n\t\t\t\t<div class=\"elementor-widget-container\">\n\t\t\t\t\t\t\t\t\t\t\t\t\t\t\t<img decoding=\"async\" width=\"300\" height=\"300\" src=\"https:\/\/www.oficiosartesanosprovinciadecaceres.com\/2025\/wp-content\/uploads\/2025\/04\/elementos-decorativo-3.png\" class=\"attachment-full size-full wp-image-107\" alt=\"\" srcset=\"https:\/\/oficiosartesanosprovinciadecaceres.com\/2025\/wp-content\/uploads\/2025\/04\/elementos-decorativo-3.png 300w, https:\/\/oficiosartesanosprovinciadecaceres.com\/2025\/wp-content\/uploads\/2025\/04\/elementos-decorativo-3-150x150.png 150w\" sizes=\"(max-width: 300px) 100vw, 300px\" \/>\t\t\t\t\t\t\t\t\t\t\t\t\t\t\t<\/div>\n\t\t\t\t<\/div>\n\t\t\t\t<div class=\"elementor-element elementor-element-0b476bc elementor-absolute elementor-widget-mobile__width-initial elementor-widget elementor-widget-image\" data-id=\"0b476bc\" data-element_type=\"widget\" data-e-type=\"widget\" data-settings=\"{&quot;_position&quot;:&quot;absolute&quot;,&quot;motion_fx_motion_fx_scrolling&quot;:&quot;yes&quot;,&quot;motion_fx_rotateZ_effect&quot;:&quot;yes&quot;,&quot;motion_fx_rotateZ_speed&quot;:{&quot;unit&quot;:&quot;px&quot;,&quot;size&quot;:1,&quot;sizes&quot;:[]},&quot;motion_fx_rotateZ_affectedRange&quot;:{&quot;unit&quot;:&quot;%&quot;,&quot;size&quot;:&quot;&quot;,&quot;sizes&quot;:{&quot;start&quot;:0,&quot;end&quot;:100}},&quot;motion_fx_devices&quot;:[&quot;desktop&quot;,&quot;tablet&quot;,&quot;mobile&quot;]}\" data-widget_type=\"image.default\">\n\t\t\t\t<div class=\"elementor-widget-container\">\n\t\t\t\t\t\t\t\t\t\t\t\t\t\t\t<img loading=\"lazy\" decoding=\"async\" width=\"300\" height=\"300\" src=\"https:\/\/www.oficiosartesanosprovinciadecaceres.com\/2025\/wp-content\/uploads\/2025\/04\/elementos-decorativo-2.png\" class=\"attachment-full size-full wp-image-106\" alt=\"\" srcset=\"https:\/\/oficiosartesanosprovinciadecaceres.com\/2025\/wp-content\/uploads\/2025\/04\/elementos-decorativo-2.png 300w, https:\/\/oficiosartesanosprovinciadecaceres.com\/2025\/wp-content\/uploads\/2025\/04\/elementos-decorativo-2-150x150.png 150w\" sizes=\"(max-width: 300px) 100vw, 300px\" \/>\t\t\t\t\t\t\t\t\t\t\t\t\t\t\t<\/div>\n\t\t\t\t<\/div>\n\t\t\t\t<\/div>\n\t\t\t\t\t<\/div>\n\t\t\t\t<\/div>\n\t\t<div class=\"elementor-element elementor-element-2580834 e-flex e-con-boxed e-con e-parent\" data-id=\"2580834\" data-element_type=\"container\" data-e-type=\"container\">\n\t\t\t\t\t<div class=\"e-con-inner\">\n\t\t<div class=\"elementor-element elementor-element-0520d4b e-con-full e-flex e-con e-child\" data-id=\"0520d4b\" data-element_type=\"container\" data-e-type=\"container\" data-settings=\"{&quot;background_background&quot;:&quot;classic&quot;}\">\n\t\t\t\t<div class=\"elementor-element elementor-element-7b49685 elementor-widget__width-initial elementor-widget elementor-widget-heading\" data-id=\"7b49685\" data-element_type=\"widget\" data-e-type=\"widget\" data-widget_type=\"heading.default\">\n\t\t\t\t<div class=\"elementor-widget-container\">\n\t\t\t\t\t<h1 class=\"elementor-heading-title elementor-size-default\">Organizadores y colaboradores<\/h1>\t\t\t\t<\/div>\n\t\t\t\t<\/div>\n\t\t\t\t<div class=\"elementor-element elementor-element-a482308 elementor-widget-divider--view-line elementor-widget elementor-widget-divider\" data-id=\"a482308\" data-element_type=\"widget\" data-e-type=\"widget\" data-widget_type=\"divider.default\">\n\t\t\t\t<div class=\"elementor-widget-container\">\n\t\t\t\t\t\t\t<div class=\"elementor-divider\">\n\t\t\t<span class=\"elementor-divider-separator\">\n\t\t\t\t\t\t<\/span>\n\t\t<\/div>\n\t\t\t\t\t\t<\/div>\n\t\t\t\t<\/div>\n\t\t\t\t<div class=\"elementor-element elementor-element-7a1ee20 elementor-widget__width-initial elementor-widget-mobile__width-inherit elementor-widget elementor-widget-text-editor\" data-id=\"7a1ee20\" data-element_type=\"widget\" data-e-type=\"widget\" data-widget_type=\"text-editor.default\">\n\t\t\t\t<div class=\"elementor-widget-container\">\n\t\t\t\t\t\t\t\t\t<p><strong>El Festival est\u00e1 promovido y organizado por la Diputaci\u00f3n de C\u00e1ceres<\/strong>, a trav\u00e9s del convenio de colaboraci\u00f3n que mantiene desde el a\u00f1o 2004 con la <strong>Asociaci\u00f3n Extreme\u00f1a para la Promoci\u00f3n de la Artesan\u00eda<\/strong> (Artesanex).<\/p><p>La Diputaci\u00f3n de C\u00e1ceres, como instituci\u00f3n p\u00fablica, impulsa este proyecto dentro de su estrategia de desarrollo rural, cultural y tur\u00edstico sostenible. Por su parte, ARTESANEX aporta su experiencia y conocimiento del sector artesanal, garantizando la participaci\u00f3n activa de profesionales del oficio y la calidad de las actividades.<\/p><p>Adem\u00e1s, el festival cuenta con la colaboraci\u00f3n de ayuntamientos locales, centros educativos, asociaciones culturales y otros agentes del territorio que contribuyen a hacer realidad cada edici\u00f3n, acercando la artesan\u00eda a todos los p\u00fablicos.<\/p>\t\t\t\t\t\t\t\t<\/div>\n\t\t\t\t<\/div>\n\t\t<div class=\"elementor-element elementor-element-db6a7b0 e-con-full e-flex e-con e-child\" data-id=\"db6a7b0\" data-element_type=\"container\" data-e-type=\"container\">\n\t\t\t\t<div class=\"elementor-element elementor-element-55e968f elementor-widget__width-initial elementor-widget elementor-widget-image\" data-id=\"55e968f\" data-element_type=\"widget\" data-e-type=\"widget\" data-widget_type=\"image.default\">\n\t\t\t\t<div class=\"elementor-widget-container\">\n\t\t\t\t\t\t\t\t\t\t\t\t\t\t\t\t<a href=\"https:\/\/artesanex.com\" target=\"_blank\">\n\t\t\t\t\t\t\t<img loading=\"lazy\" decoding=\"async\" width=\"1500\" height=\"1500\" src=\"https:\/\/www.oficiosartesanosprovinciadecaceres.com\/2025\/wp-content\/uploads\/2025\/04\/logo-artesanex.jpg\" class=\"attachment-full size-full wp-image-624\" alt=\"\" srcset=\"https:\/\/oficiosartesanosprovinciadecaceres.com\/2025\/wp-content\/uploads\/2025\/04\/logo-artesanex.jpg 1500w, https:\/\/oficiosartesanosprovinciadecaceres.com\/2025\/wp-content\/uploads\/2025\/04\/logo-artesanex-300x300.jpg 300w, https:\/\/oficiosartesanosprovinciadecaceres.com\/2025\/wp-content\/uploads\/2025\/04\/logo-artesanex-1024x1024.jpg 1024w, https:\/\/oficiosartesanosprovinciadecaceres.com\/2025\/wp-content\/uploads\/2025\/04\/logo-artesanex-150x150.jpg 150w, https:\/\/oficiosartesanosprovinciadecaceres.com\/2025\/wp-content\/uploads\/2025\/04\/logo-artesanex-768x768.jpg 768w\" sizes=\"(max-width: 1500px) 100vw, 1500px\" \/>\t\t\t\t\t\t\t\t<\/a>\n\t\t\t\t\t\t\t\t\t\t\t\t\t\t\t<\/div>\n\t\t\t\t<\/div>\n\t\t\t\t<div class=\"elementor-element elementor-element-2122076 elementor-widget elementor-widget-image\" data-id=\"2122076\" data-element_type=\"widget\" data-e-type=\"widget\" data-widget_type=\"image.default\">\n\t\t\t\t<div class=\"elementor-widget-container\">\n\t\t\t\t\t\t\t\t\t\t\t\t\t\t\t\t<a href=\"https:\/\/livinglavidacaceres.com\" target=\"_blank\">\n\t\t\t\t\t\t\t<img loading=\"lazy\" decoding=\"async\" width=\"1600\" height=\"496\" src=\"https:\/\/www.oficiosartesanosprovinciadecaceres.com\/2025\/wp-content\/uploads\/2025\/04\/caceres-living.png\" class=\"attachment-full size-full wp-image-627\" alt=\"\" srcset=\"https:\/\/oficiosartesanosprovinciadecaceres.com\/2025\/wp-content\/uploads\/2025\/04\/caceres-living.png 1600w, https:\/\/oficiosartesanosprovinciadecaceres.com\/2025\/wp-content\/uploads\/2025\/04\/caceres-living-300x93.png 300w, https:\/\/oficiosartesanosprovinciadecaceres.com\/2025\/wp-content\/uploads\/2025\/04\/caceres-living-1024x317.png 1024w, https:\/\/oficiosartesanosprovinciadecaceres.com\/2025\/wp-content\/uploads\/2025\/04\/caceres-living-768x238.png 768w, https:\/\/oficiosartesanosprovinciadecaceres.com\/2025\/wp-content\/uploads\/2025\/04\/caceres-living-1536x476.png 1536w\" sizes=\"(max-width: 1600px) 100vw, 1600px\" \/>\t\t\t\t\t\t\t\t<\/a>\n\t\t\t\t\t\t\t\t\t\t\t\t\t\t\t<\/div>\n\t\t\t\t<\/div>\n\t\t\t\t<div class=\"elementor-element elementor-element-ead1dd4 elementor-widget elementor-widget-image\" data-id=\"ead1dd4\" data-element_type=\"widget\" data-e-type=\"widget\" data-widget_type=\"image.default\">\n\t\t\t\t<div class=\"elementor-widget-container\">\n\t\t\t\t\t\t\t\t\t\t\t\t\t\t\t\t<a href=\"https:\/\/www.dip-caceres.es\" target=\"_blank\">\n\t\t\t\t\t\t\t<img loading=\"lazy\" decoding=\"async\" width=\"1600\" height=\"496\" src=\"https:\/\/www.oficiosartesanosprovinciadecaceres.com\/2025\/wp-content\/uploads\/2025\/04\/logo-di-cc.png\" class=\"attachment-full size-full wp-image-625\" alt=\"\" srcset=\"https:\/\/oficiosartesanosprovinciadecaceres.com\/2025\/wp-content\/uploads\/2025\/04\/logo-di-cc.png 1600w, https:\/\/oficiosartesanosprovinciadecaceres.com\/2025\/wp-content\/uploads\/2025\/04\/logo-di-cc-300x93.png 300w, https:\/\/oficiosartesanosprovinciadecaceres.com\/2025\/wp-content\/uploads\/2025\/04\/logo-di-cc-1024x317.png 1024w, https:\/\/oficiosartesanosprovinciadecaceres.com\/2025\/wp-content\/uploads\/2025\/04\/logo-di-cc-768x238.png 768w, https:\/\/oficiosartesanosprovinciadecaceres.com\/2025\/wp-content\/uploads\/2025\/04\/logo-di-cc-1536x476.png 1536w\" sizes=\"(max-width: 1600px) 100vw, 1600px\" \/>\t\t\t\t\t\t\t\t<\/a>\n\t\t\t\t\t\t\t\t\t\t\t\t\t\t\t<\/div>\n\t\t\t\t<\/div>\n\t\t\t\t<\/div>\n\t\t\t\t<\/div>\n\t\t\t\t\t<\/div>\n\t\t\t\t<\/div>\n\t\t\t\t<\/div>\n\t\t","protected":false},"excerpt":{"rendered":"<p>Historia del Festival El Festival de los Oficios Artesanos de la Provincia de C\u00e1ceres naci\u00f3 con la voluntad de recuperar, preservar y promocionar los oficios tradicionales que forman parte del patrimonio cultural inmaterial de Extremadura. Desde su primera edici\u00f3n, el festival ha recorrido distintos municipios de la provincia, convirti\u00e9ndose en un espacio de encuentro entre [&hellip;]<\/p>\n","protected":false},"author":1,"featured_media":0,"parent":0,"menu_order":0,"comment_status":"closed","ping_status":"closed","template":"elementor_header_footer","meta":{"_acf_changed":false,"footnotes":""},"class_list":["post-16","page","type-page","status-publish","hentry"],"acf":[],"_links":{"self":[{"href":"https:\/\/www.oficiosartesanosprovinciadecaceres.com\/2025\/wp-json\/wp\/v2\/pages\/16","targetHints":{"allow":["GET"]}}],"collection":[{"href":"https:\/\/www.oficiosartesanosprovinciadecaceres.com\/2025\/wp-json\/wp\/v2\/pages"}],"about":[{"href":"https:\/\/www.oficiosartesanosprovinciadecaceres.com\/2025\/wp-json\/wp\/v2\/types\/page"}],"author":[{"embeddable":true,"href":"https:\/\/www.oficiosartesanosprovinciadecaceres.com\/2025\/wp-json\/wp\/v2\/users\/1"}],"replies":[{"embeddable":true,"href":"https:\/\/www.oficiosartesanosprovinciadecaceres.com\/2025\/wp-json\/wp\/v2\/comments?post=16"}],"version-history":[{"count":0,"href":"https:\/\/www.oficiosartesanosprovinciadecaceres.com\/2025\/wp-json\/wp\/v2\/pages\/16\/revisions"}],"wp:attachment":[{"href":"https:\/\/www.oficiosartesanosprovinciadecaceres.com\/2025\/wp-json\/wp\/v2\/media?parent=16"}],"curies":[{"name":"wp","href":"https:\/\/api.w.org\/{rel}","templated":true}]}}